{"id":781,"date":"2025-01-29T21:57:37","date_gmt":"2025-01-29T21:57:37","guid":{"rendered":"https:\/\/talentsafecontrol.com\/?page_id=781"},"modified":"2025-01-29T22:32:24","modified_gmt":"2025-01-29T22:32:24","slug":"prueba","status":"publish","type":"page","link":"https:\/\/talentsafecontrol.com\/en\/prueba\/","title":{"rendered":"Prueba"},"content":{"rendered":"<div data-elementor-type=\"wp-page\" data-elementor-id=\"781\" class=\"elementor elementor-781\" data-elementor-post-type=\"page\">\n\t\t\t\t<div class=\"elementor-element elementor-element-bf4dcb3 e-flex e-con-boxed e-con e-parent\" data-id=\"bf4dcb3\" data-element_type=\"container\" data-e-type=\"container\">\n\t\t\t\t\t<div class=\"e-con-inner\">\n\t\t\t\t<div class=\"elementor-element elementor-element-1be917f premium-testimonial__skin1 elementor-widget elementor-widget-premium-addon-testimonials\" data-id=\"1be917f\" data-element_type=\"widget\" data-e-type=\"widget\" data-settings=\"{&quot;skin&quot;:&quot;skin1&quot;,&quot;img_position&quot;:&quot;relative&quot;,&quot;arrows_lq_effect&quot;:&quot;none&quot;}\" data-widget_type=\"premium-addon-testimonials.default\">\n\t\t\t\t<div class=\"elementor-widget-container\">\n\t\t\t\t\t\n\t\t\n\t\t<div class=\"premium-testimonial-box\">\n\n\t\t\t\n\t\t\t\t<div class=\"premium-testimonial-container\">\n\n\t\t\t\t\t\t\t\t\t\t\t<div class=\"premium-testimonial-upper-quote\">\n\t\t\t\t\t\t\t<svg  class=\"premium-testimonial-quote\" xmlns=\"http:\/\/www.w3.org\/2000\/svg\" aria-hidden=\"true\" width=\"48\" height=\"37\" viewbox=\"0 0 48 37\"><path d=\"m37,37c6.07,0,11-4.93,11-11s-4.93-11-11-11c-.32,0-.63.02-.94.05.54-4.81,2.18-9.43,4.79-13.52.19-.31.2-.7.03-1.01-.18-.32-.51-.52-.88-.52h-2c-.27,0-.54.11-.73.31-5.14,5.41-11.27,14.26-11.27,25.69,0,6.07,4.93,10.99,11,11h0Zm-26,0c6.07,0,11-4.93,11-11s-4.93-11-11-11c-.32,0-.63.02-.94.05.54-4.81,2.18-9.43,4.79-13.52.19-.31.2-.7.03-1.01-.18-.32-.51-.52-.87-.52h-2c-.27,0-.54.11-.73.31C6.13,5.72,0,14.57,0,26c0,6.07,4.93,10.99,11,11h0Zm0,0\"\/><\/svg>\t\t\t\t\t\t<\/div>\n\t\t\t\t\t\n\t\t\t\t\t<div class=\"premium-testimonial-content-wrapper\">\n\n\t\t\t\t\t\t\n\t\t\t\t\t\t<div class=\"premium-testimonial-text-wrapper\">\n\t\t\t\t\t\t\t<div >\n\t\t\t\t\t\t\t\tLorem ipsum dolor sit amet, consectetur adipiscing elit, sed do eiusmod tempor incididunt ut labore et dolore magna aliqua. Quis ipsum suspendisse ultrices gravida. Risus commodo viverra maecenas accumsan lacus vel facilisis.\t\t\t\t\t\t\t<\/div>\n\t\t\t\t\t\t<\/div>\n\n\t\t\t\t\t\t\n\t\t\t\t\t\t\n\n\t\t\t\t\t\t\t\t\t\t\t\t\t\t\t<div class=\"premium-testimonial-img-wrapper\">\n\t\t\t\t\t\t\t\t\t<img decoding=\"async\" src=\"https:\/\/talentsafecontrol.com\/wp-content\/uploads\/2025\/01\/Team1.jpg\" alt=\"Team1.jpg\" class=\"premium-testimonial-person-image\">\n\t\t\t\t\t\t\t\t<\/div>\n\t\t\t\t\t\t\t\n\n\t\t\t\t\t\t\t<div class=\"premium-testimonial-author-info\">\n\t\t\t\t\t\t\t\t<h3 class=\"premium-testimonial-person-name\">\n\t\t\t\t\t\t\t\t\t<span >\n\t\t\t\t\t\t\t\t\t\tJoseph L.Mabie\t\t\t\t\t\t\t\t\t<\/span>\n\t\t\t\t\t\t\t\t<\/h3>\n\n\t\t\t\t\t\t\t\t\t\t\t\t\t\t\t\t\t<h4 class=\"premium-testimonial-job\">\n\t\t\t\t\t\t\t\t\t\t\t\t\t\t\t\t\t\t\t<a target=\"_blank\" class=\"premium-testimonial-company-link\">\n\t\t\t\t\t\t\t\t\t\t\t<span >\n\t\t\t\t\t\t\t\t\t\t\t\tInfluencer\t\t\t\t\t\t\t\t\t\t\t<\/span>\n\t\t\t\t\t\t\t\t\t\t<\/a>\n\t\t\t\t\t\t\t\t\t\t\t\t\t\t\t\t\t\t<\/h4>\n\t\t\t\t\t\t\t\t\t\t\t\t\t\t\t<\/div>\n\n\t\t\t\t\t\t\n\t\t\t\t\t<\/div>\n\n\t\t\t\t\t\t\t\t\t\t\t<div class=\"premium-testimonial-lower-quote\">\n\t\t\t\t\t\t\t<svg  class=\"premium-testimonial-quote\" xmlns=\"http:\/\/www.w3.org\/2000\/svg\" aria-hidden=\"true\" width=\"48\" height=\"37\" viewbox=\"0 0 48 37\"><path d=\"m37,37c6.07,0,11-4.93,11-11s-4.93-11-11-11c-.32,0-.63.02-.94.05.54-4.81,2.18-9.43,4.79-13.52.19-.31.2-.7.03-1.01-.18-.32-.51-.52-.88-.52h-2c-.27,0-.54.11-.73.31-5.14,5.41-11.27,14.26-11.27,25.69,0,6.07,4.93,10.99,11,11h0Zm-26,0c6.07,0,11-4.93,11-11s-4.93-11-11-11c-.32,0-.63.02-.94.05.54-4.81,2.18-9.43,4.79-13.52.19-.31.2-.7.03-1.01-.18-.32-.51-.52-.87-.52h-2c-.27,0-.54.11-.73.31C6.13,5.72,0,14.57,0,26c0,6.07,4.93,10.99,11,11h0Zm0,0\"\/><\/svg>\t\t\t\t\t\t<\/div>\n\t\t\t\t\t\t\t\t\t<\/div>\n\n\t\t\t\t\t<\/div>\n\t\t\t\t\t\t<\/div>\n\t\t\t\t<\/div>\n\t\t\t\t\t<\/div>\n\t\t\t\t<\/div>\n\t\t<div class=\"elementor-element elementor-element-be4f705 e-flex e-con-boxed e-con e-parent\" data-id=\"be4f705\" data-element_type=\"container\" data-e-type=\"container\">\n\t\t\t\t\t<div class=\"e-con-inner\">\n\t\t\t\t<div class=\"elementor-element elementor-element-f0f8e81 elementor-testimonial--skin-default elementor-testimonial--layout-image_inline elementor-testimonial--align-center elementor-arrows-yes elementor-pagination-type-bullets elementor-widget elementor-widget-testimonial-carousel\" data-id=\"f0f8e81\" data-element_type=\"widget\" data-e-type=\"widget\" data-settings=\"{&quot;show_arrows&quot;:&quot;yes&quot;,&quot;pagination&quot;:&quot;bullets&quot;,&quot;speed&quot;:500,&quot;autoplay&quot;:&quot;yes&quot;,&quot;autoplay_speed&quot;:5000,&quot;loop&quot;:&quot;yes&quot;,&quot;pause_on_hover&quot;:&quot;yes&quot;,&quot;pause_on_interaction&quot;:&quot;yes&quot;,&quot;space_between&quot;:{&quot;unit&quot;:&quot;px&quot;,&quot;size&quot;:10,&quot;sizes&quot;:[]},&quot;space_between_tablet&quot;:{&quot;unit&quot;:&quot;px&quot;,&quot;size&quot;:10,&quot;sizes&quot;:[]},&quot;space_between_mobile&quot;:{&quot;unit&quot;:&quot;px&quot;,&quot;size&quot;:10,&quot;sizes&quot;:[]}}\" data-widget_type=\"testimonial-carousel.default\">\n\t\t\t\t<div class=\"elementor-widget-container\">\n\t\t\t\t\t\t\t<div class=\"elementor-swiper\">\n\t\t\t<div class=\"elementor-main-swiper swiper-container\">\n\t\t\t\t<div class=\"swiper-wrapper\">\n\t\t\t\t\t\t\t\t\t\t\t<div class=\"swiper-slide\">\n\t\t\t\t\t\t\t\t\t<div class=\"elementor-testimonial\">\n\t\t\t\t\t\t\t<div class=\"elementor-testimonial__content\">\n\t\t\t\t\t<div class=\"elementor-testimonial__text\">\n\t\t\t\t\t\tLorem ipsum dolor sit amet, consectetur adipiscing elit. Ut elit tellus, luctus nec ullamcorper mattis, pulvinar dapibus leo.\t\t\t\t\t<\/div>\n\t\t\t\t\t\t\t\t\t<\/div>\n\t\t\t\t\t\t<div class=\"elementor-testimonial__footer\">\n\t\t\t\t\t\t\t\t<cite class=\"elementor-testimonial__cite\"><span class=\"elementor-testimonial__name\">John Doe<\/span><span class=\"elementor-testimonial__title\">CEO<\/span><\/cite>\t\t\t<\/div>\n\t\t<\/div>\n\t\t\t\t\t\t\t\t<\/div>\n\t\t\t\t\t\t\t\t\t<\/div>\n\t\t\t\t\t\t\t<\/div>\n\t\t<\/div>\n\t\t\t\t\t\t<\/div>\n\t\t\t\t<\/div>\n\t\t\t\t\t<\/div>\n\t\t\t\t<\/div>\n\t\t<div class=\"elementor-element elementor-element-354831b e-flex e-con-boxed e-con e-parent\" data-id=\"354831b\" data-element_type=\"container\" data-e-type=\"container\">\n\t\t\t\t\t<div class=\"e-con-inner\">\n\t\t\t\t<div class=\"elementor-element elementor-element-b1b4b4c elementor--h-position-center elementor--v-position-middle elementor-arrows-position-inside elementor-pagination-position-inside elementor-widget elementor-widget-slides\" data-id=\"b1b4b4c\" data-element_type=\"widget\" data-e-type=\"widget\" data-settings=\"{&quot;navigation&quot;:&quot;both&quot;,&quot;autoplay&quot;:&quot;yes&quot;,&quot;pause_on_hover&quot;:&quot;yes&quot;,&quot;pause_on_interaction&quot;:&quot;yes&quot;,&quot;autoplay_speed&quot;:5000,&quot;infinite&quot;:&quot;yes&quot;,&quot;transition&quot;:&quot;slide&quot;,&quot;transition_speed&quot;:500}\" data-widget_type=\"slides.default\">\n\t\t\t\t<div class=\"elementor-widget-container\">\n\t\t\t\t\t\t\t<div class=\"elementor-swiper\">\n\t\t\t<div class=\"elementor-slides-wrapper elementor-main-swiper swiper-container\" dir=\"ltr\" data-animation=\"fadeInUp\">\n\t\t\t\t<div class=\"swiper-wrapper elementor-slides\">\n\t\t\t\t\t\t\t\t\t\t<div class=\"elementor-repeater-item-7a1e1bd swiper-slide\"><div class=\"swiper-slide-bg\" role=\"img\"><\/div><div class=\"swiper-slide-inner\" ><div class=\"swiper-slide-contents\"><div class=\"elementor-slide-description\">La plataforma TalentSafe es intuitiva y facilita la comunicaci\u00f3n entre nuestros equipos, haciendo nuestro proceso mucho m\u00e1s eficiente, adem\u00e1s toda la informaci\u00f3n esta super cuidada y aseguran la privacidad de todas las partes involucradas, adem\u00e1s el equipo de soporte siempre esta disponible para responder cualquier consulta o atender necesidades adicionales.<\/div><\/div><\/div><\/div><div class=\"elementor-repeater-item-4c24390 swiper-slide\"><div class=\"swiper-slide-bg\" role=\"img\"><\/div><div class=\"swiper-slide-inner\" ><div class=\"swiper-slide-contents\"><div class=\"elementor-slide-heading\">Slide 2 Heading<\/div><div class=\"elementor-slide-description\">Lorem ipsum dolor sit amet consectetur adipiscing elit dolor<\/div><div  class=\"elementor-button elementor-slide-button elementor-size-sm\">Click Here<\/div><\/div><\/div><\/div><div class=\"elementor-repeater-item-7afc409 swiper-slide\"><div class=\"swiper-slide-bg\" role=\"img\"><\/div><div class=\"swiper-slide-inner\" ><div class=\"swiper-slide-contents\"><div class=\"elementor-slide-heading\">Slide 3 Heading<\/div><div class=\"elementor-slide-description\">Lorem ipsum dolor sit amet consectetur adipiscing elit dolor<\/div><div  class=\"elementor-button elementor-slide-button elementor-size-sm\">Click Here<\/div><\/div><\/div><\/div>\t\t\t\t<\/div>\n\t\t\t\t\t\t\t\t\t\t\t\t\t\t\t<div class=\"swiper-pagination\"><\/div>\n\t\t\t\t\t\t\t\t\t\t\t\t\t\t\t\t<div class=\"elementor-swiper-button elementor-swiper-button-prev\" role=\"button\" tabindex=\"0\">\n\t\t\t\t\t\t\t<svg aria-hidden=\"true\" class=\"e-font-icon-svg e-eicon-chevron-left\" viewbox=\"0 0 1000 1000\" xmlns=\"http:\/\/www.w3.org\/2000\/svg\"><path d=\"M646 125C629 125 613 133 604 142L308 442C296 454 292 471 292 487 292 504 296 521 308 533L604 854C617 867 629 875 646 875 663 875 679 871 692 858 704 846 713 829 713 812 713 796 708 779 692 767L438 487 692 225C700 217 708 204 708 187 708 171 704 154 692 142 675 129 663 125 646 125Z\"><\/path><\/svg>\t\t\t\t\t\t\t<span class=\"elementor-screen-only\" data-no-translation=\"\" data-trp-gettext=\"\">Previous slide<\/span>\n\t\t\t\t\t\t<\/div>\n\t\t\t\t\t\t<div class=\"elementor-swiper-button elementor-swiper-button-next\" role=\"button\" tabindex=\"0\">\n\t\t\t\t\t\t\t<svg aria-hidden=\"true\" class=\"e-font-icon-svg e-eicon-chevron-right\" viewbox=\"0 0 1000 1000\" xmlns=\"http:\/\/www.w3.org\/2000\/svg\"><path d=\"M696 533C708 521 713 504 713 487 713 471 708 454 696 446L400 146C388 133 375 125 354 125 338 125 325 129 313 142 300 154 292 171 292 187 292 204 296 221 308 233L563 492 304 771C292 783 288 800 288 817 288 833 296 850 308 863 321 871 338 875 354 875 371 875 388 867 400 854L696 533Z\"><\/path><\/svg>\t\t\t\t\t\t\t<span class=\"elementor-screen-only\" data-no-translation=\"\" data-trp-gettext=\"\">Next slide<\/span>\n\t\t\t\t\t\t<\/div>\n\t\t\t\t\t\t\t\t\t\t\t\t<\/div>\n\t\t<\/div>\n\t\t\t\t\t\t<\/div>\n\t\t\t\t<\/div>\n\t\t\t\t<div class=\"elementor-element elementor-element-ed1f1db premium-testimonial__skin1 elementor-widget elementor-widget-premium-addon-testimonials\" data-id=\"ed1f1db\" data-element_type=\"widget\" data-e-type=\"widget\" data-settings=\"{&quot;skin&quot;:&quot;skin1&quot;,&quot;img_position&quot;:&quot;relative&quot;,&quot;arrows_lq_effect&quot;:&quot;none&quot;}\" data-widget_type=\"premium-addon-testimonials.default\">\n\t\t\t\t<div class=\"elementor-widget-container\">\n\t\t\t\t\t\n\t\t\n\t\t<div class=\"premium-testimonial-box\">\n\n\t\t\t\n\t\t\t\t<div class=\"premium-testimonial-container\">\n\n\t\t\t\t\t\t\t\t\t\t\t<div class=\"premium-testimonial-upper-quote\">\n\t\t\t\t\t\t\t<svg  class=\"premium-testimonial-quote\" xmlns=\"http:\/\/www.w3.org\/2000\/svg\" aria-hidden=\"true\" width=\"48\" height=\"37\" viewbox=\"0 0 48 37\"><path d=\"m37,37c6.07,0,11-4.93,11-11s-4.93-11-11-11c-.32,0-.63.02-.94.05.54-4.81,2.18-9.43,4.79-13.52.19-.31.2-.7.03-1.01-.18-.32-.51-.52-.88-.52h-2c-.27,0-.54.11-.73.31-5.14,5.41-11.27,14.26-11.27,25.69,0,6.07,4.93,10.99,11,11h0Zm-26,0c6.07,0,11-4.93,11-11s-4.93-11-11-11c-.32,0-.63.02-.94.05.54-4.81,2.18-9.43,4.79-13.52.19-.31.2-.7.03-1.01-.18-.32-.51-.52-.87-.52h-2c-.27,0-.54.11-.73.31C6.13,5.72,0,14.57,0,26c0,6.07,4.93,10.99,11,11h0Zm0,0\"\/><\/svg>\t\t\t\t\t\t<\/div>\n\t\t\t\t\t\n\t\t\t\t\t<div class=\"premium-testimonial-content-wrapper\">\n\n\t\t\t\t\t\t\n\t\t\t\t\t\t<div class=\"premium-testimonial-text-wrapper\">\n\t\t\t\t\t\t\t<div >\n\t\t\t\t\t\t\t\tLorem ipsum dolor sit amet, consectetur adipiscing elit, sed do eiusmod tempor incididunt ut labore et dolore magna aliqua. Quis ipsum suspendisse ultrices gravida. Risus commodo viverra maecenas accumsan lacus vel facilisis.\t\t\t\t\t\t\t<\/div>\n\t\t\t\t\t\t<\/div>\n\n\t\t\t\t\t\t\n\t\t\t\t\t\t\n\n\t\t\t\t\t\t\t\n\n\t\t\t\t\t\t\t<div class=\"premium-testimonial-author-info\">\n\t\t\t\t\t\t\t\t<h3 class=\"premium-testimonial-person-name\">\n\t\t\t\t\t\t\t\t\t<span >\n\t\t\t\t\t\t\t\t\t\tJoseph L.Mabie\t\t\t\t\t\t\t\t\t<\/span>\n\t\t\t\t\t\t\t\t<\/h3>\n\n\t\t\t\t\t\t\t\t\t\t\t\t\t\t\t\t\t<h4 class=\"premium-testimonial-job\">\n\t\t\t\t\t\t\t\t\t\t\t\t\t\t\t\t\t\t\t<a target=\"_blank\" class=\"premium-testimonial-company-link\">\n\t\t\t\t\t\t\t\t\t\t\t<span >\n\t\t\t\t\t\t\t\t\t\t\t\tInfluencer\t\t\t\t\t\t\t\t\t\t\t<\/span>\n\t\t\t\t\t\t\t\t\t\t<\/a>\n\t\t\t\t\t\t\t\t\t\t\t\t\t\t\t\t\t\t<\/h4>\n\t\t\t\t\t\t\t\t\t\t\t\t\t\t\t<\/div>\n\n\t\t\t\t\t\t\n\t\t\t\t\t<\/div>\n\n\t\t\t\t\t\t\t\t\t\t\t<div class=\"premium-testimonial-lower-quote\">\n\t\t\t\t\t\t\t<svg  class=\"premium-testimonial-quote\" xmlns=\"http:\/\/www.w3.org\/2000\/svg\" aria-hidden=\"true\" width=\"48\" height=\"37\" viewbox=\"0 0 48 37\"><path d=\"m37,37c6.07,0,11-4.93,11-11s-4.93-11-11-11c-.32,0-.63.02-.94.05.54-4.81,2.18-9.43,4.79-13.52.19-.31.2-.7.03-1.01-.18-.32-.51-.52-.88-.52h-2c-.27,0-.54.11-.73.31-5.14,5.41-11.27,14.26-11.27,25.69,0,6.07,4.93,10.99,11,11h0Zm-26,0c6.07,0,11-4.93,11-11s-4.93-11-11-11c-.32,0-.63.02-.94.05.54-4.81,2.18-9.43,4.79-13.52.19-.31.2-.7.03-1.01-.18-.32-.51-.52-.87-.52h-2c-.27,0-.54.11-.73.31C6.13,5.72,0,14.57,0,26c0,6.07,4.93,10.99,11,11h0Zm0,0\"\/><\/svg>\t\t\t\t\t\t<\/div>\n\t\t\t\t\t\t\t\t\t<\/div>\n\n\t\t\t\t\t<\/div>\n\t\t\t\t\t\t<\/div>\n\t\t\t\t<\/div>\n\t\t\t\t\t<\/div>\n\t\t\t\t<\/div>\n\t\t\t\t<\/div>","protected":false},"excerpt":{"rendered":"<p>Lorem ipsum dolor sit amet, consectetur adipiscing elit, sed do eiusmod tempor incididunt ut labore et dolore magna aliqua. Quis ipsum suspendisse ultrices gravida. Risus commodo viverra maecenas accumsan lacus vel facilisis. Joseph L.Mabie Influencer Lorem ipsum dolor sit amet, consectetur adipiscing elit. Ut elit tellus, luctus nec ullamcorper mattis, pulvinar dapibus leo. John DoeCEO [&hellip;]<\/p>\n","protected":false},"author":1,"featured_media":0,"parent":0,"menu_order":0,"comment_status":"closed","ping_status":"closed","template":"elementor_header_footer","meta":{"footnotes":""},"class_list":["post-781","page","type-page","status-publish","hentry"],"_links":{"self":[{"href":"https:\/\/talentsafecontrol.com\/en\/wp-json\/wp\/v2\/pages\/781","targetHints":{"allow":["GET"]}}],"collection":[{"href":"https:\/\/talentsafecontrol.com\/en\/wp-json\/wp\/v2\/pages"}],"about":[{"href":"https:\/\/talentsafecontrol.com\/en\/wp-json\/wp\/v2\/types\/page"}],"author":[{"embeddable":true,"href":"https:\/\/talentsafecontrol.com\/en\/wp-json\/wp\/v2\/users\/1"}],"replies":[{"embeddable":true,"href":"https:\/\/talentsafecontrol.com\/en\/wp-json\/wp\/v2\/comments?post=781"}],"version-history":[{"count":14,"href":"https:\/\/talentsafecontrol.com\/en\/wp-json\/wp\/v2\/pages\/781\/revisions"}],"predecessor-version":[{"id":795,"href":"https:\/\/talentsafecontrol.com\/en\/wp-json\/wp\/v2\/pages\/781\/revisions\/795"}],"wp:attachment":[{"href":"https:\/\/talentsafecontrol.com\/en\/wp-json\/wp\/v2\/media?parent=781"}],"curies":[{"name":"wp","href":"https:\/\/api.w.org\/{rel}","templated":true}]}}